{"id":3,"date":"2024-05-09T22:15:00","date_gmt":"2024-05-09T22:15:00","guid":{"rendered":"https:\/\/adanta-test.yabodev.com\/?page_id=3"},"modified":"2024-08-07T18:04:53","modified_gmt":"2024-08-07T18:04:53","slug":"aviso-de-privacidad","status":"publish","type":"page","link":"https:\/\/adantainmobiliaria.com\/index.php\/aviso-de-privacidad\/","title":{"rendered":"Aviso de privacidad"},"content":{"rendered":"\t\t<div data-elementor-type=\"wp-page\" data-elementor-id=\"3\" class=\"elementor elementor-3\">\n\t\t\t\t<div class=\"elementor-element elementor-element-76b5df08 e-flex e-con-boxed e-con e-parent\" data-id=\"76b5df08\" data-element_type=\"container\">\n\t\t\t\t\t<div class=\"e-con-inner\">\n\t\t\t\t<div class=\"elementor-element elementor-element-718e09c2 elementor-widget elementor-widget-text-editor\" data-id=\"718e09c2\" data-element_type=\"widget\" data-widget_type=\"text-editor.default\">\n\t\t\t\t<div class=\"elementor-widget-container\">\n\t\t\t\t\t\t\t\t\t<p><\/p>\n<p style=\"margin-top: 0px; color: #212845; font-family: Rubik, arial, sans-serif; background-color: #ffffff; text-align: justify;\">Adanta inmobiliaria, es una empresa altamente responsable por lo cual, tu privacidad y confianza son muy importantes para nosotros. Protegemos la informaci\u00f3n y documentaci\u00f3n mediante el tratamiento adecuado de protecciones f\u00edsicas, electr\u00f3nicas y de procedimiento, capacitando a nuestro personal en el manejo adecuado de tu informaci\u00f3n personal a fin de impedir que terceros no autorizados accedan a la misma y cumplir con la Ley de Protecci\u00f3n de Datos Personales. Para nosotros la recopilaci\u00f3n de ciertos datos personales es necesaria para llevar a cabo las actividades intr\u00ednsecas de nuestra actividad como profesional inmobiliario y nuestra actividad mercantil y tenemos la obligaci\u00f3n de cumplir con medidas legales y de seguridad suficientes para proteger tus datos e informaci\u00f3n\u00a0<span style=\"color: #000000;\">de acuerdo a la Ley Federal de Protecci\u00f3n de Datos Personales en Posesi\u00f3n de los Particulares.<\/span>.<\/p>\n<p style=\"margin-top: 0px; color: #212845; font-family: Rubik, arial, sans-serif; background-color: #ffffff; text-align: center;\">\u00a0<\/p>\n<article style=\"color: #212845; font-family: Rubik, arial, sans-serif; text-align: justify;\"><\/article>\n<article style=\"color: #212845; font-family: Rubik, arial, sans-serif; text-align: justify;\"><\/article>\n<article style=\"color: #212845; font-family: Rubik, arial, sans-serif; text-align: justify;\"><\/article>\n<p style=\"margin-top: 0px; color: #212845; font-family: Rubik, arial, sans-serif; background-color: #ffffff; text-align: justify;\">Se recabar\u00e1 los datos personales necesarios para la formalizaci\u00f3n del tipo del producto inmobiliario, arrendatario o financiero que tu solicites; de manera enunciativa, m\u00e1s no limitativa, podremos recabar: Nombre; domicilio; fecha de nacimiento; pa\u00eds de nacimiento; nacionalidad; ocupaci\u00f3n, profesi\u00f3n, actividad o giro del negocio al que te dediques; n\u00fameros telef\u00f3nicos; Clave \u00danica de Registro de Poblaci\u00f3n; clave del Registro Federal de Contribuyentes, datos de trabajo, ingresos econ\u00f3micos, etc. As\u00ed mismo, trat\u00e1ndose de productos de cr\u00e9dito o arrendamiento, estamos obligados\u00a0a requerir datos adicionales que\u00a0permitan estimar la viabilidad de pago, a trav\u00e9s de un an\u00e1lisis a partir de informaci\u00f3n cuantitativa y cualitativa, que permita establecer tu solvencia crediticia y capacidad de pago. (Incluyendo referencias personales, familiares, datos de un aval o fiador, etc).<\/p>\n<p style=\"margin-top: 0px; color: #212845; font-family: Rubik, arial, sans-serif; background-color: #ffffff; text-align: justify;\">\u00a0<\/p>\n<h2 class=\"wp-block-heading\" style=\"background-color: #ffffff;\">Finalidad del tratamiento de tus datos personales<\/h2>\n<p style=\"margin-top: 0px; color: #212845; font-family: Rubik, arial, sans-serif; background-color: #ffffff; text-align: justify;\">Los datos personales que recabemos ser\u00e1n usados para la operaci\u00f3n y registro de los productos o servicios que t\u00fa hubieses contratado, as\u00ed como para ofrecerte, en su caso, otros productos Inmobiliarios, arrendatarios o financieros o de cualquiera de nuestras afiliadas, subsidiarias,\u00a0asociadas, comisionistas o sociedades integrantes de nuestra empresa y remitirte promociones de otros bienes o servicios relacionados con los citados productos. (Por ejemplo, todo tipo de bienes ra\u00edces en compra venta y arrendamiento)<\/p>\n<p style=\"margin-top: 0px; color: #212845; font-family: Rubik, arial, sans-serif; background-color: #ffffff; text-align: justify;\">\u00a0<\/p>\n<h2 style=\"background-color: #ffffff;\">Transferencia de datos personales<\/h2>\n<p style=\"margin-top: 0px; color: #212845; font-family: Rubik, arial, sans-serif; background-color: #ffffff; text-align: justify;\">Podremos transferir sus datos personales a terceros que nos provean de servicios necesarios para nuestra debida operaci\u00f3n, as\u00ed como a sus afiliadas, subsidiarias,\u00a0asociadas, comisionistas, etc. En dichos supuestos, te informamos que nosotros adoptaremos las medidas necesarias para que las personas que tengan acceso a tus datos personales cumplan con la pol\u00edtica de privacidad de nuestra empresa, as\u00ed como con los principios de protecci\u00f3n de datos personales establecidos en la Ley.<\/p>\n<p style=\"margin-top: 0px; color: #212845; font-family: Rubik, arial, sans-serif; background-color: #ffffff; text-align: justify;\">Los datos que ser\u00e1n revelados por el Titular ser\u00e1n todos aquellos necesarios para que el Responsable te pueda ofrecer el producto, operaci\u00f3n o servicio Inmobiliario, arrendatario o Financiero de que se trate. (Ejemplo: una casa en venta, un inmueble en renta, el tr\u00e1mite de un cr\u00e9dito bancario o\u00a0INFONAVIT\u00a0para adquirir un bien ra\u00edz, etc)<\/p>\n<article style=\"color: #212845; font-family: Rubik, arial, sans-serif; text-align: justify;\"><\/article>\n<article style=\"color: #212845; font-family: Rubik, arial, sans-serif; text-align: justify;\"><\/article>\n<p style=\"margin-top: 0px; color: #212845; font-family: Rubik, arial, sans-serif; background-color: #ffffff; text-align: justify;\">\u00a0<\/p>\n<h2 style=\"background-color: #ffffff;\">Calificaci\u00f3n e historial<\/h2>\n<p style=\"margin-top: 0px; color: #212845; font-family: Rubik, arial, sans-serif; background-color: #ffffff; text-align: justify;\">En t\u00e9rminos de la regulaci\u00f3n aplicable, las distintas empresas, entidades, Inmobiliarias afiliadas, entidades integrantes de nuestra empresa, tienen un convenio que las autoriza a compartir la informaci\u00f3n que cualquiera de ellas recabe, oblig\u00e1ndolas a asumir el deber de confidencialidad impuesto a la entidad que se le hubiere revelado la informaci\u00f3n inicialmente.<\/p>\n<p style=\"margin-top: 0px; color: #212845; font-family: Rubik, arial, sans-serif; background-color: #ffffff; text-align: justify;\">Por otra parte, el Titular acepta y autoriza al Responsable para que transmita a cualquier tercero con los que la Responsable tenga celebrada, o celebre posteriormente, una relaci\u00f3n jur\u00eddica o de negocios, los datos e informaci\u00f3n que le haya entregado. La transferencia de datos a los citados terceros se limitar\u00e1 a que estos realicen al Titular ofrecimientos relativos a los productos y servicios que ofrecen en virtud de su objeto social.<\/p>\n<p style=\"margin-top: 0px; color: #212845; font-family: Rubik, arial, sans-serif; background-color: #ffffff; text-align: justify;\">\u00a0<\/p>\n<h2 style=\"background-color: #ffffff;\">Temporalidad<\/h2>\n<p style=\"margin-top: 0px; color: #212845; font-family: Rubik, arial, sans-serif; background-color: #ffffff; text-align: justify;\">Se tendr\u00e1 acceso a la informaci\u00f3n s\u00f3lo temporalmente. En caso de no llevarse a cabo la operaci\u00f3n en el tiempo establecido el\u00a0contrato respectivo la documentaci\u00f3n\u00a0ser\u00e1 devuelta a los clientes y en caso de no pasar por ella previo aviso, ser\u00e1 destruida y borrada en el lapso de 5 d\u00edas h\u00e1biles. En caso de si haberse llevado a cabo la operaci\u00f3n la informaci\u00f3n y documentaci\u00f3n ser\u00e1 tratada conforme la legislaci\u00f3n correspondiente y seg\u00fan se menciona en el apartado siguiente, as\u00ed mismo en el caso de operaciones a cr\u00e9dito o arrendamiento, mientras se tenga vigente una relaci\u00f3n jur\u00eddica o alg\u00fan pago o servicio por cubrir.<\/p>\n<p style=\"margin-top: 0px; color: #212845; font-family: Rubik, arial, sans-serif; background-color: #ffffff; text-align: justify;\">\u00a0<\/p>\n<h2 style=\"background-color: #ffffff;\">Limitaci\u00f3n de Confidencialidad<\/h2>\n<p style=\"margin-top: 0px; color: #212845; font-family: Rubik, arial, sans-serif; background-color: #ffffff; text-align: justify;\"><span style=\"color: #000000;\">Ley Federal de Protecci\u00f3n de Datos Personales en Posesi\u00f3n de los Particulares,<\/span>\u00a0hace obligatorio el salvaguardar los documentos de manera f\u00edsica o electr\u00f3nica por un periodo de 5 a\u00f1os, por lo que una vez concluido ese plazo ser\u00e1n borrados o destruidos.<\/p>\n<p style=\"margin-top: 0px; color: #212845; font-family: Rubik, arial, sans-serif; background-color: #ffffff; text-align: justify;\">Si no deseas otorgar tu consentimiento para que tus datos personales sean transferidos en los t\u00e9rminos que se\u00f1ala el presente aviso de privacidad, o si deseas dejar de recibir mensajes promocionales de nuestra parte puede solicitarlo mediante correo electr\u00f3nico a:\u00a0adantainmobiliaria@gmail.com \u00f3 anaf.adantainmobiliaria@gmail.com<\/p>\n<p style=\"margin-top: 0px; color: #212845; font-family: Rubik, arial, sans-serif; background-color: #ffffff; text-align: justify;\">Nos reservamos el derecho de efectuar en cualquier momento modificaciones o actualizaciones al presente aviso de privacidad, para la atenci\u00f3n de novedades legislativas o jurisprudenciales, pol\u00edticas internas, nuevos requerimientos para la prestaci\u00f3n u ofrecimiento de nuestros servicios o productos y pr\u00e1cticas del mercado.<\/p>\n<p style=\"margin-top: 0px; color: #212845; font-family: Rubik, arial, sans-serif; background-color: #ffffff; text-align: justify;\">Fecha \u00faltima actualizaci\u00f3n: 15\u00a0de enero del 2022<\/p>\n<p><\/p>\t\t\t\t\t\t\t\t<\/div>\n\t\t\t\t<\/div>\n\t\t\t\t\t<\/div>\n\t\t\t\t<\/div>\t\t<\/div>\n\t\t","protected":false},"excerpt":{"rendered":"<p>Adanta inmobiliaria, es una empresa altamente responsable por lo cual, tu privacidad y confianza son muy importantes para nosotros. Protegemos la informaci\u00f3n y documentaci\u00f3n mediante el tratamiento adecuado de protecciones f\u00edsicas, electr\u00f3nicas y de procedimiento, capacitando a nuestro personal en el manejo adecuado de tu informaci\u00f3n personal a fin de impedir que terceros no autorizados [&hellip;]<\/p>\n","protected":false},"author":3,"featured_media":0,"parent":0,"menu_order":0,"comment_status":"closed","ping_status":"closed","template":"","meta":{"footnotes":""},"_links":{"self":[{"href":"https:\/\/adantainmobiliaria.com\/index.php\/wp-json\/wp\/v2\/pages\/3"}],"collection":[{"href":"https:\/\/adantainmobiliaria.com\/index.php\/wp-json\/wp\/v2\/pages"}],"about":[{"href":"https:\/\/adantainmobiliaria.com\/index.php\/wp-json\/wp\/v2\/types\/page"}],"author":[{"embeddable":true,"href":"https:\/\/adantainmobiliaria.com\/index.php\/wp-json\/wp\/v2\/users\/3"}],"replies":[{"embeddable":true,"href":"https:\/\/adantainmobiliaria.com\/index.php\/wp-json\/wp\/v2\/comments?post=3"}],"version-history":[{"count":0,"href":"https:\/\/adantainmobiliaria.com\/index.php\/wp-json\/wp\/v2\/pages\/3\/revisions"}],"wp:attachment":[{"href":"https:\/\/adantainmobiliaria.com\/index.php\/wp-json\/wp\/v2\/media?parent=3"}],"curies":[{"name":"wp","href":"https:\/\/api.w.org\/{rel}","templated":true}]}}