{"id":13483,"date":"2024-06-17T18:55:24","date_gmt":"2024-06-17T18:55:24","guid":{"rendered":"https:\/\/adanta-test.yabodev.com\/?page_id=13483"},"modified":"2024-11-20T02:13:46","modified_gmt":"2024-11-20T02:13:46","slug":"servicios","status":"publish","type":"page","link":"https:\/\/adantainmobiliaria.com\/index.php\/servicios\/","title":{"rendered":"Servicios"},"content":{"rendered":"\t\t<div data-elementor-type=\"wp-page\" data-elementor-id=\"13483\" class=\"elementor elementor-13483\">\n\t\t\t\t<div class=\"elementor-element elementor-element-b9e120f e-flex e-con-boxed e-con e-parent\" data-id=\"b9e120f\" data-element_type=\"container\">\n\t\t\t\t\t<div class=\"e-con-inner\">\n\t\t\t\t<div class=\"elementor-element elementor-element-d43ece1 elementor-widget elementor-widget-spacer\" data-id=\"d43ece1\" data-element_type=\"widget\" data-widget_type=\"spacer.default\">\n\t\t\t\t<div class=\"elementor-widget-container\">\n\t\t\t\t\t\t\t<div class=\"elementor-spacer\">\n\t\t\t<div class=\"elementor-spacer-inner\"><\/div>\n\t\t<\/div>\n\t\t\t\t\t\t<\/div>\n\t\t\t\t<\/div>\n\t\t\t\t\t<\/div>\n\t\t\t\t<\/div>\n\t\t<div class=\"elementor-element elementor-element-48a66c0 e-flex e-con-boxed e-con e-parent\" data-id=\"48a66c0\" data-element_type=\"container\">\n\t\t\t\t\t<div class=\"e-con-inner\">\n\t\t\t\t<div class=\"elementor-element elementor-element-1240ace elementor-widget elementor-widget-heading\" data-id=\"1240ace\" data-element_type=\"widget\" data-widget_type=\"heading.default\">\n\t\t\t\t<div class=\"elementor-widget-container\">\n\t\t\t\t\t<h5 class=\"elementor-heading-title elementor-size-default\">En ADANTA Inmobiliaria te ofrecemos los servicios para construir, dise\u00f1ar y equipar tu propiedad desde cero:<\/h5>\t\t\t\t<\/div>\n\t\t\t\t<\/div>\n\t\t\t\t\t<\/div>\n\t\t\t\t<\/div>\n\t\t<div class=\"elementor-element elementor-element-ffc99d3 e-grid e-con-boxed e-con e-parent\" data-id=\"ffc99d3\" data-element_type=\"container\">\n\t\t\t\t\t<div class=\"e-con-inner\">\n\t\t\t\t<div class=\"elementor-element elementor-element-e299ac8 elementor-widget elementor-widget-qi_addons_for_elementor_banner\" data-id=\"e299ac8\" data-element_type=\"widget\" data-widget_type=\"qi_addons_for_elementor_banner.default\">\n\t\t\t\t<div class=\"elementor-widget-container\">\n\t\t\t\t\t<div class=\"qodef-shortcode qodef-m qodef-qi-banner qodef-layout--standard qodef-vertical--middle qodef-horizontal--center qodef-image--hover-zoom\">\n\t<div class=\"qodef-m-image\">\n\t<\/div>\n\t<div class=\"qodef-m-content\">\n\t\t<div class=\"qodef-m-content-inner\">\n\t\t\t\t\t\t\t<h3 class=\"qodef-m-title\">\n\t\tConstrucci\u00f3n\t<\/h3>\n\t\t\t\t\t\t\t<div class=\"qodef-m-button\">\n\t\t<a class=\"qodef-shortcode qodef-m qodef-qi-button qodef-html--link qodef-layout--textual qodef-type--standard qodef-icon--right qodef-hover--icon-move-horizontal-short qodef-text-underline qodef-underline--left\" href=\"https:\/\/adantainmobiliaria.com\/index.php\/construccion\/\" target=\"_self\">\t<span class=\"qodef-m-text\">Ver m\u00e1s<\/span>\t<\/a>\t<\/div>\n\t\t<\/div>\n\t<\/div>\n\t\t<a itemprop=\"url\" href=\"https:\/\/adantainmobiliaria.com\/index.php\/construccion\/\" class=\"qodef-m-banner-link\" target=\"_self\"><\/a>\n<\/div>\n\t\t\t\t<\/div>\n\t\t\t\t<\/div>\n\t\t\t\t<div class=\"elementor-element elementor-element-012fc42 elementor-widget elementor-widget-qi_addons_for_elementor_banner\" data-id=\"012fc42\" data-element_type=\"widget\" data-widget_type=\"qi_addons_for_elementor_banner.default\">\n\t\t\t\t<div class=\"elementor-widget-container\">\n\t\t\t\t\t<div class=\"qodef-shortcode qodef-m qodef-qi-banner qodef-layout--standard qodef-vertical--middle qodef-horizontal--center qodef-image--hover-zoom\">\n\t<div class=\"qodef-m-image\">\n\t<\/div>\n\t<div class=\"qodef-m-content\">\n\t\t<div class=\"qodef-m-content-inner\">\n\t\t\t\t<h3 class=\"qodef-m-subtitle\">\n\t\tAsesor\u00eda GRATIS\t<\/h3>\n\t\t\t\t<h6 class=\"qodef-m-title\">\n\t\ten cr\u00e9ditos hipotecarios\t<\/h6>\n\t\t\t\t\t\t\t<div class=\"qodef-m-button\">\n\t\t<a class=\"qodef-shortcode qodef-m qodef-qi-button qodef-html--link qodef-layout--textual qodef-type--standard qodef-icon--right qodef-hover--icon-move-horizontal-short qodef-text-underline qodef-underline--left\" href=\"https:\/\/adantainmobiliaria.com\/index.php\/brokershipotecarios\/\" target=\"_self\">\t<span class=\"qodef-m-text\">Ver m\u00e1s<\/span>\t<\/a>\t<\/div>\n\t\t<\/div>\n\t<\/div>\n\t\t<a itemprop=\"url\" href=\"https:\/\/adantainmobiliaria.com\/index.php\/brokershipotecarios\/\" class=\"qodef-m-banner-link\" target=\"_self\"><\/a>\n<\/div>\n\t\t\t\t<\/div>\n\t\t\t\t<\/div>\n\t\t\t\t<div class=\"elementor-element elementor-element-a881f36 elementor-widget elementor-widget-qi_addons_for_elementor_banner\" data-id=\"a881f36\" data-element_type=\"widget\" data-widget_type=\"qi_addons_for_elementor_banner.default\">\n\t\t\t\t<div class=\"elementor-widget-container\">\n\t\t\t\t\t<div class=\"qodef-shortcode qodef-m qodef-qi-banner qodef-layout--standard qodef-vertical--middle qodef-horizontal--center qodef-image--hover-zoom\">\n\t<div class=\"qodef-m-image\">\n\t<\/div>\n\t<div class=\"qodef-m-content\">\n\t\t<div class=\"qodef-m-content-inner\">\n\t\t\t\t<h3 class=\"qodef-m-subtitle\">\n\t\tSoluciones tecnol\u00f3gicas\t<\/h3>\n\t\t\t\t\t\t\t\t\t\t<div class=\"qodef-m-button\">\n\t\t<a class=\"qodef-shortcode qodef-m qodef-qi-button qodef-html--link qodef-layout--textual qodef-type--standard qodef-icon--right qodef-hover--icon-move-horizontal-short qodef-text-underline qodef-underline--left\" href=\"https:\/\/adantainmobiliaria.com\/index.php\/soluciones-tecnologicas\/\" target=\"_self\">\t<span class=\"qodef-m-text\">Ver m\u00e1s<\/span>\t<\/a>\t<\/div>\n\t\t<\/div>\n\t<\/div>\n\t\t<a itemprop=\"url\" href=\"https:\/\/adantainmobiliaria.com\/index.php\/soluciones-tecnologicas\/\" class=\"qodef-m-banner-link\" target=\"_self\"><\/a>\n<\/div>\n\t\t\t\t<\/div>\n\t\t\t\t<\/div>\n\t\t\t\t\t<\/div>\n\t\t\t\t<\/div>\n\t\t<div class=\"elementor-element elementor-element-3dab62c e-grid e-con-boxed e-con e-parent\" data-id=\"3dab62c\" data-element_type=\"container\">\n\t\t\t\t\t<div class=\"e-con-inner\">\n\t\t\t\t<div class=\"elementor-element elementor-element-16bd457 elementor-widget elementor-widget-qi_addons_for_elementor_icon_with_text\" data-id=\"16bd457\" data-element_type=\"widget\" data-widget_type=\"qi_addons_for_elementor_icon_with_text.default\">\n\t\t\t\t<div class=\"elementor-widget-container\">\n\t\t\t\t\t<div class=\"qodef-shortcode qodef-m qodef-qi-icon-with-text qodef-layout--top qodef-icon--hover-scale qodef--icon-pack qodef-alignment--center\" >\n\t\t\t<div class=\"qodef-m-icon-wrapper\">\n\t\t\t\t<div class=\"qodef-m-icon-holder\">\n\t\t<svg aria-hidden=\"true\" class=\"e-font-icon-svg e-fas-book\" viewBox=\"0 0 448 512\" xmlns=\"http:\/\/www.w3.org\/2000\/svg\"><path d=\"M448 360V24c0-13.3-10.7-24-24-24H96C43 0 0 43 0 96v320c0 53 43 96 96 96h328c13.3 0 24-10.7 24-24v-16c0-7.5-3.5-14.3-8.9-18.7-4.2-15.4-4.2-59.3 0-74.7 5.4-4.3 8.9-11.1 8.9-18.6zM128 134c0-3.3 2.7-6 6-6h212c3.3 0 6 2.7 6 6v20c0 3.3-2.7 6-6 6H134c-3.3 0-6-2.7-6-6v-20zm0 64c0-3.3 2.7-6 6-6h212c3.3 0 6 2.7 6 6v20c0 3.3-2.7 6-6 6H134c-3.3 0-6-2.7-6-6v-20zm253.4 250H96c-17.7 0-32-14.3-32-32 0-17.6 14.4-32 32-32h285.4c-1.9 17.1-1.9 46.9 0 64z\"><\/path><\/svg>\t<\/div>\n\t\t<\/div>\n\t\t<div class=\"qodef-m-content\">\n\t\t\t<div class=\"qodef-m-separator qodef-qi-clear\">\n\t\t<div class=\"qodef-shortcode qodef-m qodef-qi-separator qodef-qi-clear qodef-separator--standard\">\t<div class=\"qodef-m-line\"><\/div><\/div>\t<\/div>\n\t\t\t<h4 class=\"qodef-m-title\">\n\t\t\t\t\t<span class=\"qodef-m-title-text\">Asesor\u00eda legal<\/span>\n\t\t\t<\/h4>\n\t\t\t\t\t<\/div>\n<\/div>\n\t\t\t\t<\/div>\n\t\t\t\t<\/div>\n\t\t\t\t<div class=\"elementor-element elementor-element-b881dbe elementor-widget elementor-widget-qi_addons_for_elementor_icon_with_text\" data-id=\"b881dbe\" data-element_type=\"widget\" data-widget_type=\"qi_addons_for_elementor_icon_with_text.default\">\n\t\t\t\t<div class=\"elementor-widget-container\">\n\t\t\t\t\t<div class=\"qodef-shortcode qodef-m qodef-qi-icon-with-text qodef-layout--top qodef-icon--hover-scale qodef--icon-pack qodef-alignment--center\" >\n\t\t\t<div class=\"qodef-m-icon-wrapper\">\n\t\t\t\t<div class=\"qodef-m-icon-holder\">\n\t\t<svg aria-hidden=\"true\" class=\"e-font-icon-svg e-fas-home\" viewBox=\"0 0 576 512\" xmlns=\"http:\/\/www.w3.org\/2000\/svg\"><path d=\"M280.37 148.26L96 300.11V464a16 16 0 0 0 16 16l112.06-.29a16 16 0 0 0 15.92-16V368a16 16 0 0 1 16-16h64a16 16 0 0 1 16 16v95.64a16 16 0 0 0 16 16.05L464 480a16 16 0 0 0 16-16V300L295.67 148.26a12.19 12.19 0 0 0-15.3 0zM571.6 251.47L488 182.56V44.05a12 12 0 0 0-12-12h-56a12 12 0 0 0-12 12v72.61L318.47 43a48 48 0 0 0-61 0L4.34 251.47a12 12 0 0 0-1.6 16.9l25.5 31A12 12 0 0 0 45.15 301l235.22-193.74a12.19 12.19 0 0 1 15.3 0L530.9 301a12 12 0 0 0 16.9-1.6l25.5-31a12 12 0 0 0-1.7-16.93z\"><\/path><\/svg>\t<\/div>\n\t\t<\/div>\n\t\t<div class=\"qodef-m-content\">\n\t\t\t<div class=\"qodef-m-separator qodef-qi-clear\">\n\t\t<div class=\"qodef-shortcode qodef-m qodef-qi-separator qodef-qi-clear qodef-separator--standard\">\t<div class=\"qodef-m-line\"><\/div><\/div>\t<\/div>\n\t\t\t<h4 class=\"qodef-m-title\">\n\t\t\t\t\t<span class=\"qodef-m-title-text\">Aval\u00faos<\/span>\n\t\t\t<\/h4>\n\t\t\t\t\t<\/div>\n<\/div>\n\t\t\t\t<\/div>\n\t\t\t\t<\/div>\n\t\t\t\t<div class=\"elementor-element elementor-element-a058e7f elementor-widget elementor-widget-qi_addons_for_elementor_icon_with_text\" data-id=\"a058e7f\" data-element_type=\"widget\" data-widget_type=\"qi_addons_for_elementor_icon_with_text.default\">\n\t\t\t\t<div class=\"elementor-widget-container\">\n\t\t\t\t\t<div class=\"qodef-shortcode qodef-m qodef-qi-icon-with-text qodef-layout--top qodef-icon--hover-scale qodef--icon-pack qodef-alignment--center\" >\n\t\t\t<div class=\"qodef-m-icon-wrapper\">\n\t\t\t\t<div class=\"qodef-m-icon-holder\">\n\t\t<svg aria-hidden=\"true\" class=\"e-font-icon-svg e-fas-brush\" viewBox=\"0 0 384 512\" xmlns=\"http:\/\/www.w3.org\/2000\/svg\"><path d=\"M352 0H32C14.33 0 0 14.33 0 32v224h384V32c0-17.67-14.33-32-32-32zM0 320c0 35.35 28.66 64 64 64h64v64c0 35.35 28.66 64 64 64s64-28.65 64-64v-64h64c35.34 0 64-28.65 64-64v-32H0v32zm192 104c13.25 0 24 10.74 24 24 0 13.25-10.75 24-24 24s-24-10.75-24-24c0-13.26 10.75-24 24-24z\"><\/path><\/svg>\t<\/div>\n\t\t<\/div>\n\t\t<div class=\"qodef-m-content\">\n\t\t\t<div class=\"qodef-m-separator qodef-qi-clear\">\n\t\t<div class=\"qodef-shortcode qodef-m qodef-qi-separator qodef-qi-clear qodef-separator--standard\">\t<div class=\"qodef-m-line\"><\/div><\/div>\t<\/div>\n\t\t\t<h4 class=\"qodef-m-title\">\n\t\t\t\t\t<span class=\"qodef-m-title-text\">Limpieza de terrenos y casas a entregar<\/span>\n\t\t\t<\/h4>\n\t\t\t\t\t<\/div>\n<\/div>\n\t\t\t\t<\/div>\n\t\t\t\t<\/div>\n\t\t\t\t<div class=\"elementor-element elementor-element-1a107a6 elementor-widget elementor-widget-qi_addons_for_elementor_icon_with_text\" data-id=\"1a107a6\" data-element_type=\"widget\" data-widget_type=\"qi_addons_for_elementor_icon_with_text.default\">\n\t\t\t\t<div class=\"elementor-widget-container\">\n\t\t\t\t\t<div class=\"qodef-shortcode qodef-m qodef-qi-icon-with-text qodef-layout--top qodef-icon--hover-scale qodef--icon-pack qodef-alignment--center\" >\n\t\t\t<div class=\"qodef-m-icon-wrapper\">\n\t\t\t\t<div class=\"qodef-m-icon-holder\">\n\t\t<svg aria-hidden=\"true\" class=\"e-font-icon-svg e-fas-shower\" viewBox=\"0 0 512 512\" xmlns=\"http:\/\/www.w3.org\/2000\/svg\"><path d=\"M304,320a16,16,0,1,0,16,16A16,16,0,0,0,304,320Zm32-96a16,16,0,1,0,16,16A16,16,0,0,0,336,224Zm32,64a16,16,0,1,0-16-16A16,16,0,0,0,368,288Zm-32,32a16,16,0,1,0-16-16A16,16,0,0,0,336,320Zm-32-64a16,16,0,1,0,16,16A16,16,0,0,0,304,256Zm128-32a16,16,0,1,0-16-16A16,16,0,0,0,432,224Zm-48,16a16,16,0,1,0,16-16A16,16,0,0,0,384,240Zm-16-48a16,16,0,1,0,16,16A16,16,0,0,0,368,192Zm96,32a16,16,0,1,0,16,16A16,16,0,0,0,464,224Zm32-32a16,16,0,1,0,16,16A16,16,0,0,0,496,192Zm-64,64a16,16,0,1,0,16,16A16,16,0,0,0,432,256Zm-32,32a16,16,0,1,0,16,16A16,16,0,0,0,400,288Zm-64,64a16,16,0,1,0,16,16A16,16,0,0,0,336,352Zm-32,32a16,16,0,1,0,16,16A16,16,0,0,0,304,384Zm64-64a16,16,0,1,0,16,16A16,16,0,0,0,368,320Zm21.65-218.35-11.3-11.31a16,16,0,0,0-22.63,0L350.05,96A111.19,111.19,0,0,0,272,64c-19.24,0-37.08,5.3-52.9,13.85l-10-10A121.72,121.72,0,0,0,123.44,32C55.49,31.5,0,92.91,0,160.85V464a16,16,0,0,0,16,16H48a16,16,0,0,0,16-16V158.4c0-30.15,21-58.2,51-61.93a58.38,58.38,0,0,1,48.93,16.67l10,10C165.3,138.92,160,156.76,160,176a111.23,111.23,0,0,0,32,78.05l-5.66,5.67a16,16,0,0,0,0,22.62l11.3,11.31a16,16,0,0,0,22.63,0L389.65,124.28A16,16,0,0,0,389.65,101.65Z\"><\/path><\/svg>\t<\/div>\n\t\t<\/div>\n\t\t<div class=\"qodef-m-content\">\n\t\t\t<div class=\"qodef-m-separator qodef-qi-clear\">\n\t\t<div class=\"qodef-shortcode qodef-m qodef-qi-separator qodef-qi-clear qodef-separator--standard\">\t<div class=\"qodef-m-line\"><\/div><\/div>\t<\/div>\n\t\t\t<h4 class=\"qodef-m-title\">\n\t\t\t\t\t<span class=\"qodef-m-title-text\">Plomer\u00eda<\/span>\n\t\t\t<\/h4>\n\t\t\t\t\t<\/div>\n<\/div>\n\t\t\t\t<\/div>\n\t\t\t\t<\/div>\n\t\t\t\t<div class=\"elementor-element elementor-element-7b206e0 elementor-widget elementor-widget-qi_addons_for_elementor_icon_with_text\" data-id=\"7b206e0\" data-element_type=\"widget\" data-widget_type=\"qi_addons_for_elementor_icon_with_text.default\">\n\t\t\t\t<div class=\"elementor-widget-container\">\n\t\t\t\t\t<div class=\"qodef-shortcode qodef-m qodef-qi-icon-with-text qodef-layout--top qodef-icon--hover-scale qodef--icon-pack qodef-alignment--center\" >\n\t\t\t<div class=\"qodef-m-icon-wrapper\">\n\t\t\t\t<div class=\"qodef-m-icon-holder\">\n\t\t<svg aria-hidden=\"true\" class=\"e-font-icon-svg e-fas-plug\" viewBox=\"0 0 384 512\" xmlns=\"http:\/\/www.w3.org\/2000\/svg\"><path d=\"M320,32a32,32,0,0,0-64,0v96h64Zm48,128H16A16,16,0,0,0,0,176v32a16,16,0,0,0,16,16H32v32A160.07,160.07,0,0,0,160,412.8V512h64V412.8A160.07,160.07,0,0,0,352,256V224h16a16,16,0,0,0,16-16V176A16,16,0,0,0,368,160ZM128,32a32,32,0,0,0-64,0v96h64Z\"><\/path><\/svg>\t<\/div>\n\t\t<\/div>\n\t\t<div class=\"qodef-m-content\">\n\t\t\t<div class=\"qodef-m-separator qodef-qi-clear\">\n\t\t<div class=\"qodef-shortcode qodef-m qodef-qi-separator qodef-qi-clear qodef-separator--standard\">\t<div class=\"qodef-m-line\"><\/div><\/div>\t<\/div>\n\t\t\t<h4 class=\"qodef-m-title\">\n\t\t\t\t\t<span class=\"qodef-m-title-text\">Electricidad<\/span>\n\t\t\t<\/h4>\n\t\t\t\t\t<\/div>\n<\/div>\n\t\t\t\t<\/div>\n\t\t\t\t<\/div>\n\t\t\t\t<div class=\"elementor-element elementor-element-00ac67e elementor-widget elementor-widget-qi_addons_for_elementor_icon_with_text\" data-id=\"00ac67e\" data-element_type=\"widget\" data-widget_type=\"qi_addons_for_elementor_icon_with_text.default\">\n\t\t\t\t<div class=\"elementor-widget-container\">\n\t\t\t\t\t<div class=\"qodef-shortcode qodef-m qodef-qi-icon-with-text qodef-layout--top qodef-icon--hover-scale qodef--icon-pack qodef-alignment--center\" >\n\t\t\t<div class=\"qodef-m-icon-wrapper\">\n\t\t\t\t<div class=\"qodef-m-icon-holder\">\n\t\t<svg aria-hidden=\"true\" class=\"e-font-icon-svg e-fas-seedling\" viewBox=\"0 0 512 512\" xmlns=\"http:\/\/www.w3.org\/2000\/svg\"><path d=\"M64 96H0c0 123.7 100.3 224 224 224v144c0 8.8 7.2 16 16 16h32c8.8 0 16-7.2 16-16V320C288 196.3 187.7 96 64 96zm384-64c-84.2 0-157.4 46.5-195.7 115.2 27.7 30.2 48.2 66.9 59 107.6C424 243.1 512 147.9 512 32h-64z\"><\/path><\/svg>\t<\/div>\n\t\t<\/div>\n\t\t<div class=\"qodef-m-content\">\n\t\t\t<div class=\"qodef-m-separator qodef-qi-clear\">\n\t\t<div class=\"qodef-shortcode qodef-m qodef-qi-separator qodef-qi-clear qodef-separator--standard\">\t<div class=\"qodef-m-line\"><\/div><\/div>\t<\/div>\n\t\t\t<h4 class=\"qodef-m-title\">\n\t\t\t\t\t<span class=\"qodef-m-title-text\">Jardiner\u00eda b\u00e1sica<\/span>\n\t\t\t<\/h4>\n\t\t\t\t\t<\/div>\n<\/div>\n\t\t\t\t<\/div>\n\t\t\t\t<\/div>\n\t\t\t\t<div class=\"elementor-element elementor-element-f58286e elementor-widget elementor-widget-qi_addons_for_elementor_icon_with_text\" data-id=\"f58286e\" data-element_type=\"widget\" data-widget_type=\"qi_addons_for_elementor_icon_with_text.default\">\n\t\t\t\t<div class=\"elementor-widget-container\">\n\t\t\t\t\t<div class=\"qodef-shortcode qodef-m qodef-qi-icon-with-text qodef-layout--top qodef-icon--hover-scale qodef--icon-pack qodef-alignment--center\" >\n\t\t\t<div class=\"qodef-m-icon-wrapper\">\n\t\t\t\t<div class=\"qodef-m-icon-holder\">\n\t\t<svg aria-hidden=\"true\" class=\"e-font-icon-svg e-fas-hammer\" viewBox=\"0 0 576 512\" xmlns=\"http:\/\/www.w3.org\/2000\/svg\"><path d=\"M571.31 193.94l-22.63-22.63c-6.25-6.25-16.38-6.25-22.63 0l-11.31 11.31-28.9-28.9c5.63-21.31.36-44.9-16.35-61.61l-45.25-45.25c-62.48-62.48-163.79-62.48-226.28 0l90.51 45.25v18.75c0 16.97 6.74 33.25 18.75 45.25l49.14 49.14c16.71 16.71 40.3 21.98 61.61 16.35l28.9 28.9-11.31 11.31c-6.25 6.25-6.25 16.38 0 22.63l22.63 22.63c6.25 6.25 16.38 6.25 22.63 0l90.51-90.51c6.23-6.24 6.23-16.37-.02-22.62zm-286.72-15.2c-3.7-3.7-6.84-7.79-9.85-11.95L19.64 404.96c-25.57 23.88-26.26 64.19-1.53 88.93s65.05 24.05 88.93-1.53l238.13-255.07c-3.96-2.91-7.9-5.87-11.44-9.41l-49.14-49.14z\"><\/path><\/svg>\t<\/div>\n\t\t<\/div>\n\t\t<div class=\"qodef-m-content\">\n\t\t\t<div class=\"qodef-m-separator qodef-qi-clear\">\n\t\t<div class=\"qodef-shortcode qodef-m qodef-qi-separator qodef-qi-clear qodef-separator--standard\">\t<div class=\"qodef-m-line\"><\/div><\/div>\t<\/div>\n\t\t\t<h4 class=\"qodef-m-title\">\n\t\t\t\t\t<span class=\"qodef-m-title-text\">Herrer\u00eda y carpinter\u00eda<\/span>\n\t\t\t<\/h4>\n\t\t\t\t\t<\/div>\n<\/div>\n\t\t\t\t<\/div>\n\t\t\t\t<\/div>\n\t\t\t\t<div class=\"elementor-element elementor-element-4184c39 elementor-widget elementor-widget-qi_addons_for_elementor_icon_with_text\" data-id=\"4184c39\" data-element_type=\"widget\" data-widget_type=\"qi_addons_for_elementor_icon_with_text.default\">\n\t\t\t\t<div class=\"elementor-widget-container\">\n\t\t\t\t\t<div class=\"qodef-shortcode qodef-m qodef-qi-icon-with-text qodef-layout--top qodef-icon--hover-scale qodef--icon-pack qodef-alignment--center\" >\n\t\t\t<div class=\"qodef-m-icon-wrapper\">\n\t\t\t\t<div class=\"qodef-m-icon-holder\">\n\t\t<svg aria-hidden=\"true\" class=\"e-font-icon-svg e-fas-place-of-worship\" viewBox=\"0 0 640 512\" xmlns=\"http:\/\/www.w3.org\/2000\/svg\"><path d=\"M620.61 366.55L512 320v192h112c8.84 0 16-7.16 16-16V395.96a32 32 0 0 0-19.39-29.41zM0 395.96V496c0 8.84 7.16 16 16 16h112V320L19.39 366.55A32 32 0 0 0 0 395.96zm464.46-149.28L416 217.6V102.63c0-8.49-3.37-16.62-9.38-22.63L331.31 4.69c-6.25-6.25-16.38-6.25-22.62 0L233.38 80c-6 6-9.38 14.14-9.38 22.63V217.6l-48.46 29.08A31.997 31.997 0 0 0 160 274.12V512h96v-96c0-35.35 28.66-64 64-64s64 28.65 64 64v96h96V274.12c0-11.24-5.9-21.66-15.54-27.44z\"><\/path><\/svg>\t<\/div>\n\t\t<\/div>\n\t\t<div class=\"qodef-m-content\">\n\t\t\t<div class=\"qodef-m-separator qodef-qi-clear\">\n\t\t<div class=\"qodef-shortcode qodef-m qodef-qi-separator qodef-qi-clear qodef-separator--standard\">\t<div class=\"qodef-m-line\"><\/div><\/div>\t<\/div>\n\t\t\t<h4 class=\"qodef-m-title\">\n\t\t\t\t\t<span class=\"qodef-m-title-text\">Decoraci\u00f3n para eventos<\/span>\n\t\t\t<\/h4>\n\t\t\t\t\t<\/div>\n<\/div>\n\t\t\t\t<\/div>\n\t\t\t\t<\/div>\n\t\t\t\t\t<\/div>\n\t\t\t\t<\/div>\n\t\t<div class=\"elementor-element elementor-element-6989b89 e-flex e-con-boxed e-con e-parent\" data-id=\"6989b89\" data-element_type=\"container\">\n\t\t\t\t\t<div class=\"e-con-inner\">\n\t\t\t\t\t<\/div>\n\t\t\t\t<\/div>\n\t\t\t\t<\/div>\n\t\t","protected":false},"excerpt":{"rendered":"<p>En ADANTA Inmobiliaria te ofrecemos los servicios para construir, dise\u00f1ar y equipar tu propiedad desde cero: Construcci\u00f3n Ver m\u00e1s Asesor\u00eda GRATIS en cr\u00e9ditos hipotecarios Ver m\u00e1s Soluciones tecnol\u00f3gicas Ver m\u00e1s Asesor\u00eda legal Aval\u00faos Limpieza de terrenos y casas a entregar Plomer\u00eda Electricidad Jardiner\u00eda b\u00e1sica Herrer\u00eda y carpinter\u00eda Decoraci\u00f3n para eventos<\/p>\n","protected":false},"author":3,"featured_media":0,"parent":0,"menu_order":0,"comment_status":"closed","ping_status":"closed","template":"page-full-width.php","meta":{"footnotes":""},"_links":{"self":[{"href":"https:\/\/adantainmobiliaria.com\/index.php\/wp-json\/wp\/v2\/pages\/13483"}],"collection":[{"href":"https:\/\/adantainmobiliaria.com\/index.php\/wp-json\/wp\/v2\/pages"}],"about":[{"href":"https:\/\/adantainmobiliaria.com\/index.php\/wp-json\/wp\/v2\/types\/page"}],"author":[{"embeddable":true,"href":"https:\/\/adantainmobiliaria.com\/index.php\/wp-json\/wp\/v2\/users\/3"}],"replies":[{"embeddable":true,"href":"https:\/\/adantainmobiliaria.com\/index.php\/wp-json\/wp\/v2\/comments?post=13483"}],"version-history":[{"count":1,"href":"https:\/\/adantainmobiliaria.com\/index.php\/wp-json\/wp\/v2\/pages\/13483\/revisions"}],"predecessor-version":[{"id":102557,"href":"https:\/\/adantainmobiliaria.com\/index.php\/wp-json\/wp\/v2\/pages\/13483\/revisions\/102557"}],"wp:attachment":[{"href":"https:\/\/adantainmobiliaria.com\/index.php\/wp-json\/wp\/v2\/media?parent=13483"}],"curies":[{"name":"wp","href":"https:\/\/api.w.org\/{rel}","templated":true}]}}