{"id":1063,"date":"2023-03-14T10:53:00","date_gmt":"2023-03-14T10:53:00","guid":{"rendered":"https:\/\/newhome.qodeinteractive.com\/?page_id=1063"},"modified":"2026-03-10T22:53:14","modified_gmt":"2026-03-10T22:53:14","slug":"contact-us","status":"publish","type":"page","link":"https:\/\/adantainmobiliaria.com\/index.php\/contact-us\/","title":{"rendered":"Contact Us"},"content":{"rendered":"\t\t<div data-elementor-type=\"wp-page\" data-elementor-id=\"1063\" class=\"elementor elementor-1063\">\n\t\t\t\t<div class=\"elementor-element elementor-element-2709f69 e-flex e-con-boxed e-con e-parent\" data-id=\"2709f69\" data-element_type=\"container\">\n\t\t\t\t\t<div class=\"e-con-inner\">\n\t\t\t\t<div class=\"elementor-element elementor-element-d917153 elementor-widget elementor-widget-heading\" data-id=\"d917153\" data-element_type=\"widget\" data-widget_type=\"heading.default\">\n\t\t\t\t<div class=\"elementor-widget-container\">\n\t\t\t\t\t<h2 class=\"elementor-heading-title elementor-size-default\">Cont\u00e1ctanos<\/h2>\t\t\t\t<\/div>\n\t\t\t\t<\/div>\n\t\t\t\t\t<\/div>\n\t\t\t\t<\/div>\n\t\t<div class=\"elementor-element elementor-element-5d08381 e-flex e-con-boxed e-con e-parent\" data-id=\"5d08381\" data-element_type=\"container\">\n\t\t\t\t\t<div class=\"e-con-inner\">\n\t\t\t\t<div class=\"elementor-element elementor-element-c861c54 elementor-widget elementor-widget-spacer\" data-id=\"c861c54\" data-element_type=\"widget\" data-widget_type=\"spacer.default\">\n\t\t\t\t<div class=\"elementor-widget-container\">\n\t\t\t\t\t\t\t<div class=\"elementor-spacer\">\n\t\t\t<div class=\"elementor-spacer-inner\"><\/div>\n\t\t<\/div>\n\t\t\t\t\t\t<\/div>\n\t\t\t\t<\/div>\n\t\t\t\t\t<\/div>\n\t\t\t\t<\/div>\n\t\t\t\t<section class=\"elementor-section elementor-top-section elementor-element elementor-element-e3ca81c qodef-elementor-content-grid elementor-section-boxed elementor-section-height-default elementor-section-height-default\" data-id=\"e3ca81c\" data-element_type=\"section\">\n\t\t\t\t\t\t<div class=\"elementor-container elementor-column-gap-default\">\n\t\t\t\t\t<div class=\"elementor-column elementor-col-50 elementor-top-column elementor-element elementor-element-363240a\" data-id=\"363240a\" data-element_type=\"column\">\n\t\t\t<div class=\"elementor-widget-wrap elementor-element-populated\">\n\t\t\t\t\t\t<div class=\"elementor-element elementor-element-e7ccaa0 elementor-widget elementor-widget-newhome_core_section_title\" data-id=\"e7ccaa0\" data-element_type=\"widget\" data-widget_type=\"newhome_core_section_title.default\">\n\t\t\t\t<div class=\"elementor-widget-container\">\n\t\t\t\t\t<div class=\"qodef-shortcode qodef-m  qodef-section-title qodef-alignment--left   qodef--custom-title-font-weight\" style=\"--title-font-weight: 500\">\n\t\t<h3 class=\"qodef-m-title\" >\n\t\t\t\t\tEnv\u00edanos un mensaje\t\t\t<\/h3>\n\t\t<\/div>\n\t\t\t\t<\/div>\n\t\t\t\t<\/div>\n\t\t\t\t<div class=\"elementor-element elementor-element-353bc4a elementor-widget elementor-widget-html\" data-id=\"353bc4a\" data-element_type=\"widget\" data-widget_type=\"html.default\">\n\t\t\t\t<div class=\"elementor-widget-container\">\n\t\t\t\t\t<script src=\"https:\/\/js.hsforms.net\/forms\/embed\/50743930.js\" defer><\/script>\r\n<div class=\"hs-form-frame\" data-region=\"na1\" data-form-id=\"b6baf69b-a154-412a-8dc7-03e8d362b701\" data-portal-id=\"50743930\"><\/div>\t\t\t\t<\/div>\n\t\t\t\t<\/div>\n\t\t\t\t\t<\/div>\n\t\t<\/div>\n\t\t\t\t<div class=\"elementor-column elementor-col-50 elementor-top-column elementor-element elementor-element-4c03fdf\" data-id=\"4c03fdf\" data-element_type=\"column\">\n\t\t\t<div class=\"elementor-widget-wrap elementor-element-populated\">\n\t\t\t\t\t\t<section class=\"elementor-section elementor-inner-section elementor-element elementor-element-e7b0308 elementor-section-full_width elementor-section-height-default elementor-section-height-default\" data-id=\"e7b0308\" data-element_type=\"section\">\n\t\t\t\t\t\t<div class=\"elementor-container elementor-column-gap-default\">\n\t\t\t\t\t<div class=\"elementor-column elementor-col-100 elementor-inner-column elementor-element elementor-element-7508cb6\" data-id=\"7508cb6\" data-element_type=\"column\">\n\t\t\t<div class=\"elementor-widget-wrap elementor-element-populated\">\n\t\t\t\t\t\t<div class=\"elementor-element elementor-element-5d933a0 elementor-widget__width-initial elementor-widget-mobile__width-initial elementor-widget elementor-widget-newhome_core_section_title\" data-id=\"5d933a0\" data-element_type=\"widget\" data-widget_type=\"newhome_core_section_title.default\">\n\t\t\t\t<div class=\"elementor-widget-container\">\n\t\t\t\t\t<div class=\"qodef-shortcode qodef-m  qodef-section-title qodef-alignment--left   qodef--custom-title-font-weight\" style=\"--title-font-weight: 500\">\n\t\t<h3 class=\"qodef-m-title\" >\n\t\t\t\t\tOficinas\t\t\t<\/h3>\n\t\t<\/div>\n\t\t\t\t<\/div>\n\t\t\t\t<\/div>\n\t\t\t\t\t<\/div>\n\t\t<\/div>\n\t\t\t\t\t<\/div>\n\t\t<\/section>\n\t\t\t\t<section class=\"elementor-section elementor-inner-section elementor-element elementor-element-7796b78 elementor-section-boxed elementor-section-height-default elementor-section-height-default\" data-id=\"7796b78\" data-element_type=\"section\">\n\t\t\t\t\t\t<div class=\"elementor-container elementor-column-gap-default\">\n\t\t\t\t\t<div class=\"elementor-column elementor-col-100 elementor-inner-column elementor-element elementor-element-612f7bc\" data-id=\"612f7bc\" data-element_type=\"column\">\n\t\t\t<div class=\"elementor-widget-wrap elementor-element-populated\">\n\t\t\t\t\t\t<div class=\"elementor-element elementor-element-fc74198 elementor-widget elementor-widget-newhome_core_section_title\" data-id=\"fc74198\" data-element_type=\"widget\" data-widget_type=\"newhome_core_section_title.default\">\n\t\t\t\t<div class=\"elementor-widget-container\">\n\t\t\t\t\t<div class=\"qodef-shortcode qodef-m  qodef-section-title qodef-alignment--left   qodef--custom-title-font-weight\" style=\"--title-font-weight: 500\">\n\t\t\t<\/div>\n\t\t\t\t<\/div>\n\t\t\t\t<\/div>\n\t\t\t\t<div class=\"elementor-element elementor-element-c2386e7 elementor-widget__width-initial elementor-widget elementor-widget-newhome_core_list_items\" data-id=\"c2386e7\" data-element_type=\"widget\" data-widget_type=\"newhome_core_list_items.default\">\n\t\t\t\t<div class=\"elementor-widget-container\">\n\t\t\t\t\t<div class=\"qodef-list-items qodef-m\" >\n\t\t\t\t<ul class=\"qodef-m-list\">\n\t\t\t\t\t\t\t<li class=\"qodef-m-list-item\">\n\t\t\t\t\t<p>\t\t\t\t\t\t\t\t\t\t\t\t\t\t\t\t\t\t\t\t\t<a href=\"https:\/\/maps.app.goo.gl\/W95rRRixDqwsxDTr7\" target=\"_blank\">\n\t\t\t\t\t\t\t\t\t\t\t\t\t\t\tC. 15 155, Residencial Montecristo, 97133 M\u00e9rida, Yuc.\t\t\t\t\t\t\t\t\t\t\t\t\t\t\t<\/a>\n\t\t\t\t\t\t\t\t\t\t\t\t\t\t\t\t\t\t<\/p>\t\t\t\t<\/li>\n\t\t\t\t\t\t\t<li class=\"qodef-m-list-item\">\n\t\t\t\t\t<p>\t\t\t\t\t\t\t\t\t\t\t<\/p>\t\t\t\t<\/li>\n\t\t\t\t\t\t\t<li class=\"qodef-m-list-item\">\n\t\t\t\t\t<p>\t\t\t\t\t\t\t\t\t\t\t\t\t\t\t\t\t\t\t\t\t<a href=\"tel:+52%201%20(999)%20349%200965\" target=\"_self\">\n\t\t\t\t\t\t\t\t\t\t\t\t\t\t\t+52 (999) 349 0965\t\t\t\t\t\t\t\t\t\t\t\t\t\t\t<\/a>\n\t\t\t\t\t\t\t\t\t\t\t\t\t\t\t\t\t\t<\/p>\t\t\t\t<\/li>\n\t\t\t\t\t\t\t<li class=\"qodef-m-list-item\">\n\t\t\t\t\t<p>\t\t\t\t\t\t\t\t\t\t\t\t\t\t\t\t\t\t\t\t\t<a href=\"mailto:adantainmobiliaria@gmail.com\" target=\"_blank\">\n\t\t\t\t\t\t\t\t\t\t\t\t\t\t\tadantainmobiliaria@gmail.com\t\t\t\t\t\t\t\t\t\t\t\t\t\t\t<\/a>\n\t\t\t\t\t\t\t\t\t\t\t\t\t\t\t\t\t\t<\/p>\t\t\t\t<\/li>\n\t\t\t\t\t<\/ul>\n\t<\/div>\n\t\t\t\t<\/div>\n\t\t\t\t<\/div>\n\t\t\t\t<div class=\"elementor-element elementor-element-e99f91f elementor-widget elementor-widget-newhome_core_list_items\" data-id=\"e99f91f\" data-element_type=\"widget\" data-widget_type=\"newhome_core_list_items.default\">\n\t\t\t\t<div class=\"elementor-widget-container\">\n\t\t\t\t\t<div class=\"qodef-list-items qodef-m\" style=\"--qode-title-margin-bottom: 17px;--qode-items-gap: 2px\">\n\t\t\t<h5 class=\"qodef-m-title\">\n\t\t\tHorario de atenci\u00f3n\t\t<\/h5>\n\t\t\t\t<ul class=\"qodef-m-list\">\n\t\t\t\t\t\t\t<li class=\"qodef-m-list-item\">\n\t\t\t\t\t<p>\t\t\t\t\t\t\t\t\t\t\t\t\t\t\t\t\t\t\t\t\tLunes a Viernes:  09:00 \u2013 19:00\t\t\t\t\t\t\t\t\t\t\t\t\t\t\t\t\t\t<\/p>\t\t\t\t<\/li>\n\t\t\t\t\t\t\t<li class=\"qodef-m-list-item\">\n\t\t\t\t\t<p>\t\t\t\t\t\t\t\t\t\t\t\t\t\t\t\t\t\t\t\t\tS\u00e1bado: 09:00 \u2013 14:00\t\t\t\t\t\t\t\t\t\t\t\t\t\t\t\t\t\t<\/p>\t\t\t\t<\/li>\n\t\t\t\t\t<\/ul>\n\t<\/div>\n\t\t\t\t<\/div>\n\t\t\t\t<\/div>\n\t\t\t\t\t<\/div>\n\t\t<\/div>\n\t\t\t\t\t<\/div>\n\t\t<\/section>\n\t\t<div class=\"elementor-element elementor-element-5c9343b e-flex e-con-boxed e-con e-parent\" data-id=\"5c9343b\" data-element_type=\"container\">\n\t\t\t\t\t<div class=\"e-con-inner\">\n\t\t\t\t<div class=\"elementor-element elementor-element-f4dd47c elementor-widget__width-initial elementor-widget elementor-widget-image\" data-id=\"f4dd47c\" data-element_type=\"widget\" data-widget_type=\"image.default\">\n\t\t\t\t<div class=\"elementor-widget-container\">\n\t\t\t\t\t\t\t\t\t\t\t\t\t\t\t<img decoding=\"async\" src=\"https:\/\/adanta-test.yabodev.com\/wp-content\/uploads\/2024\/06\/Untitled-1.png\" title=\"\" alt=\"\" loading=\"lazy\" \/>\t\t\t\t\t\t\t\t\t\t\t\t\t\t\t<\/div>\n\t\t\t\t<\/div>\n\t\t\t\t\t<\/div>\n\t\t\t\t<\/div>\n\t\t\t\t\t<\/div>\n\t\t<\/div>\n\t\t\t\t\t<\/div>\n\t\t<\/section>\n\t\t\t\t<\/div>\n\t\t","protected":false},"excerpt":{"rendered":"<p>Cont\u00e1ctanos Env\u00edanos un mensaje Oficinas C. 15 155, Residencial Montecristo, 97133 M\u00e9rida, Yuc. +52 (999) 349 0965 adantainmobiliaria@gmail.com Horario de atenci\u00f3n Lunes a Viernes: 09:00 \u2013 19:00 S\u00e1bado: 09:00 \u2013 14:00<\/p>\n","protected":false},"author":3,"featured_media":0,"parent":0,"menu_order":0,"comment_status":"closed","ping_status":"closed","template":"page-full-width.php","meta":{"footnotes":""},"_links":{"self":[{"href":"https:\/\/adantainmobiliaria.com\/index.php\/wp-json\/wp\/v2\/pages\/1063"}],"collection":[{"href":"https:\/\/adantainmobiliaria.com\/index.php\/wp-json\/wp\/v2\/pages"}],"about":[{"href":"https:\/\/adantainmobiliaria.com\/index.php\/wp-json\/wp\/v2\/types\/page"}],"author":[{"embeddable":true,"href":"https:\/\/adantainmobiliaria.com\/index.php\/wp-json\/wp\/v2\/users\/3"}],"replies":[{"embeddable":true,"href":"https:\/\/adantainmobiliaria.com\/index.php\/wp-json\/wp\/v2\/comments?post=1063"}],"version-history":[{"count":21,"href":"https:\/\/adantainmobiliaria.com\/index.php\/wp-json\/wp\/v2\/pages\/1063\/revisions"}],"predecessor-version":[{"id":100486,"href":"https:\/\/adantainmobiliaria.com\/index.php\/wp-json\/wp\/v2\/pages\/1063\/revisions\/100486"}],"wp:attachment":[{"href":"https:\/\/adantainmobiliaria.com\/index.php\/wp-json\/wp\/v2\/media?parent=1063"}],"curies":[{"name":"wp","href":"https:\/\/api.w.org\/{rel}","templated":true}]}}